{"id":89415,"date":"2024-01-26T19:32:56","date_gmt":"2024-01-26T18:32:56","guid":{"rendered":"https:\/\/idem-international.org\/?page_id=89415"},"modified":"2024-01-28T15:06:15","modified_gmt":"2024-01-28T14:06:15","slug":"methodes-pedagogiques-et-services-connexes","status":"publish","type":"page","link":"https:\/\/idem-international.org\/en\/methodes-pedagogiques-et-services-connexes\/","title":{"rendered":"Training methods and related services"},"content":{"rendered":"<div data-elementor-type=\"wp-page\" data-elementor-id=\"89415\" class=\"elementor elementor-89415\" data-elementor-post-type=\"page\">\n\t\t\t\t\t\t<section class=\"default no-position defaults_shape  elementor-section elementor-top-section elementor-element elementor-element-7307a429 elementor-section-stretched elementor-section-boxed elementor-section-height-default elementor-section-height-default\" data-id=\"7307a429\" data-element_type=\"section\" data-settings=\"{&quot;stretch_section&quot;:&quot;section-stretched&quot;,&quot;background_background&quot;:&quot;classic&quot;}\">\n\t\t\t\t\t\t\t<div class=\"elementor-background-overlay\"><\/div>\n\t\t\t\t\t\t\t<div class=\"elementor-container elementor-column-gap-default\">\n\t\t\t\t\t<div class=\"elementor-column elementor-col-50 elementor-top-column elementor-element elementor-element-5e70deb5\" data-id=\"5e70deb5\" data-element_type=\"column\">\n\t\t\t<div class=\"elementor-widget-wrap elementor-element-populated\">\n\t\t\t\t\t\t<div class=\"elementor-element elementor-element-55fcd702 elementor-widget elementor-widget-page-title\" data-id=\"55fcd702\" data-element_type=\"widget\" data-widget_type=\"page-title.default\">\n\t\t\t\t<div class=\"elementor-widget-container\">\n\t\t\t\t\t\n\t\t<div class=\"hfe-page-title hfe-page-title-wrapper elementor-widget-heading\">\n\t\t\t\n\t\t\t<h1 class=\"elementor-heading-title elementor-size\">\n\t\t\t\tOur training methods and related services\t\t\t \n\t\t\t<\/h1> \n\n\t\t\t\t\t\t\t\t<\/div>\n\t\t\t\t<\/div>\n\t\t\t\t<\/div>\n\t\t\t\t<div class=\"elementor-element elementor-element-595dd19 elementor-widget elementor-widget-spacer\" data-id=\"595dd19\" data-element_type=\"widget\" data-widget_type=\"spacer.default\">\n\t\t\t\t<div class=\"elementor-widget-container\">\n\t\t\t<style>\/*! elementor - v3.23.0 - 05-08-2024 *\/\n.elementor-column .elementor-spacer-inner{height:var(--spacer-size)}.e-con{--container-widget-width:100%}.e-con-inner>.elementor-widget-spacer,.e-con>.elementor-widget-spacer{width:var(--container-widget-width,var(--spacer-size));--align-self:var(--container-widget-align-self,initial);--flex-shrink:0}.e-con-inner>.elementor-widget-spacer>.elementor-widget-container,.e-con>.elementor-widget-spacer>.elementor-widget-container{height:100%;width:100%}.e-con-inner>.elementor-widget-spacer>.elementor-widget-container>.elementor-spacer,.e-con>.elementor-widget-spacer>.elementor-widget-container>.elementor-spacer{height:100%}.e-con-inner>.elementor-widget-spacer>.elementor-widget-container>.elementor-spacer>.elementor-spacer-inner,.e-con>.elementor-widget-spacer>.elementor-widget-container>.elementor-spacer>.elementor-spacer-inner{height:var(--container-widget-height,var(--spacer-size))}.e-con-inner>.elementor-widget-spacer.elementor-widget-empty,.e-con>.elementor-widget-spacer.elementor-widget-empty{position:relative;min-height:22px;min-width:22px}.e-con-inner>.elementor-widget-spacer.elementor-widget-empty .elementor-widget-empty-icon,.e-con>.elementor-widget-spacer.elementor-widget-empty .elementor-widget-empty-icon{position:absolute;top:0;bottom:0;left:0;right:0;margin:auto;padding:0;width:22px;height:22px}<\/style>\t\t<div class=\"elementor-spacer\">\n\t\t\t<div class=\"elementor-spacer-inner\"><\/div>\n\t\t<\/div>\n\t\t\t\t<\/div>\n\t\t\t\t<\/div>\n\t\t\t\t\t<\/div>\n\t\t<\/div>\n\t\t\t\t<div class=\"elementor-column elementor-col-50 elementor-top-column elementor-element elementor-element-5046809f\" data-id=\"5046809f\" data-element_type=\"column\">\n\t\t\t<div class=\"elementor-widget-wrap\">\n\t\t\t\t\t\t\t<\/div>\n\t\t<\/div>\n\t\t\t\t\t<\/div>\n\t\t<\/section>\n\t\t\t\t<section class=\"default no-position defaults_shape  elementor-section elementor-top-section elementor-element elementor-element-630f9724 elementor-section-boxed elementor-section-height-default elementor-section-height-default\" data-id=\"630f9724\" data-element_type=\"section\">\n\t\t\t\t\t\t<div class=\"elementor-container elementor-column-gap-default\">\n\t\t\t\t\t<div class=\"elementor-column elementor-col-100 elementor-top-column elementor-element elementor-element-16ca9ba5\" data-id=\"16ca9ba5\" data-element_type=\"column\">\n\t\t\t<div class=\"elementor-widget-wrap elementor-element-populated\">\n\t\t\t\t\t\t<div class=\"elementor-element elementor-element-7f8adac1 elementor-widget elementor-widget-rs-heading\" data-id=\"7f8adac1\" data-element_type=\"widget\" data-widget_type=\"rs-heading.default\">\n\t\t\t\t<div class=\"elementor-widget-container\">\n\t\t\t\n        <div class=\"prelements-heading style4 animate-default  normal_color  subnormal_color dots_no\">\n        \t<div class=\"title-inner\">      \t\t\n\t            <h3 class=\"title\"><span class=\"watermark\"><\/span>Teaching methods and related services for effective training and an excellent environment conducive for learning<\/h3>\t\t\t\t\n\t\t\t\t\t        <\/div>\n\t                <\/div>\n        \t\t<\/div>\n\t\t\t\t<\/div>\n\t\t\t\t\t<\/div>\n\t\t<\/div>\n\t\t\t\t\t<\/div>\n\t\t<\/section>\n\t\t<div class=\"elementor-element elementor-element-07f05c1 e-flex e-con-boxed e-con e-parent\" data-id=\"07f05c1\" data-element_type=\"container\">\n\t\t\t\t\t<div class=\"e-con-inner\">\n\t\t\t\t<div class=\"elementor-element elementor-element-9ea3a9f elementor-widget elementor-widget-text-editor\" data-id=\"9ea3a9f\" data-element_type=\"widget\" data-widget_type=\"text-editor.default\">\n\t\t\t\t<div class=\"elementor-widget-container\">\n\t\t\t<style>\/*! elementor - v3.23.0 - 05-08-2024 *\/\n.elementor-widget-text-editor.elementor-drop-cap-view-stacked .elementor-drop-cap{background-color:#69727d;color:#fff}.elementor-widget-text-editor.elementor-drop-cap-view-framed .elementor-drop-cap{color:#69727d;border:3px solid;background-color:transparent}.elementor-widget-text-editor:not(.elementor-drop-cap-view-default) .elementor-drop-cap{margin-top:8px}.elementor-widget-text-editor:not(.elementor-drop-cap-view-default) .elementor-drop-cap-letter{width:1em;height:1em}.elementor-widget-text-editor .elementor-drop-cap{float:left;text-align:center;line-height:1;font-size:50px}.elementor-widget-text-editor .elementor-drop-cap-letter{display:inline-block}<\/style>\t\t\t\t<p>Our training courses are designed and implemented around teaching methods suitable for professionals and adults learning (Andragogy). Whether in face-to-face or at a distance learning, we favor as much as possible visualization methods, experience sharing, teamwork, workshops, individual work, simulations or role-playing as well as field visits that promote both a maximum acquisition of practical skills with a minimum dose of theoretical knowledge.<\/p><p>In addition, for our face-to-face training, we ensure that related services are satisfactorily facilitated in the training venues such as housing, food, healthcare, communication, tourism, and shopping. Our aim is to allow our participants not only to acquire knowledge in pleasant conditions but also to have memorable stays in compliance with our regulations, our norms and standards and the conditions required by the socio-political context of the places\/countries where our training takes place.<\/p><p>Regarding our distance learning courses, not only do we use all technical and technological means in\norder to provide our participants with the best learning conditions possible, but also, we care for their needs and do our best to solve their problems.<\/p>\t\t\t\t\t\t<\/div>\n\t\t\t\t<\/div>\n\t\t\t\t\t<\/div>\n\t\t\t\t<\/div>\n\t\t\t\t<\/div>","protected":false},"excerpt":{"rendered":"<p>Nos m\u00e9thodes p\u00e9dagogiques et services connexes Des m\u00e9thodes p\u00e9dagogiques et des services connexes pour des formations efficaces et un excellent environnement propice \u00e0 l\u2019apprentissage. Nos formations sont con\u00e7ues et mises en \u0153uvre autour de m\u00e9thodes p\u00e9dagogiques propices \u00e0 l\u2019apprentissage des adultes et des professionnels (Andragogie). Que ce soit dans les formations en pr\u00e9sentiel ou \u00e0&#8230;<\/p>","protected":false},"author":1,"featured_media":0,"parent":0,"menu_order":0,"comment_status":"closed","ping_status":"closed","template":"elementor_header_footer","meta":{"footnotes":""},"class_list":["post-89415","page","type-page","status-publish","hentry"],"yoast_head":"<!-- This site is optimized with the Yoast SEO plugin v23.1 - https:\/\/yoast.com\/wordpress\/plugins\/seo\/ -->\n<title>M\u00e9thodes p\u00e9dagogiques et services connexes - Idem<\/title>\n<meta name=\"robots\" content=\"index, follow, max-snippet:-1, max-image-preview:large, max-video-preview:-1\" \/>\n<link rel=\"canonical\" href=\"https:\/\/idem-international.org\/en\/methodes-pedagogiques-et-services-connexes\/\" \/>\n<meta property=\"og:locale\" content=\"en_GB\" \/>\n<meta property=\"og:type\" content=\"article\" \/>\n<meta property=\"og:title\" content=\"M\u00e9thodes p\u00e9dagogiques et services connexes - Idem\" \/>\n<meta property=\"og:description\" content=\"Nos m\u00e9thodes p\u00e9dagogiques et services connexes Des m\u00e9thodes p\u00e9dagogiques et des services connexes pour des formations efficaces et un excellent environnement propice \u00e0 l\u2019apprentissage. Nos formations sont con\u00e7ues et mises en \u0153uvre autour de m\u00e9thodes p\u00e9dagogiques propices \u00e0 l\u2019apprentissage des adultes et des professionnels (Andragogie). Que ce soit dans les formations en pr\u00e9sentiel ou \u00e0...\" \/>\n<meta property=\"og:url\" content=\"https:\/\/idem-international.org\/en\/methodes-pedagogiques-et-services-connexes\/\" \/>\n<meta property=\"og:site_name\" content=\"Idem\" \/>\n<meta property=\"article:modified_time\" content=\"2024-01-28T14:06:15+00:00\" \/>\n<meta name=\"twitter:card\" content=\"summary_large_image\" \/>\n<meta name=\"twitter:label1\" content=\"Estimated reading time\" \/>\n\t<meta name=\"twitter:data1\" content=\"2 minutes\" \/>\n<script type=\"application\/ld+json\" class=\"yoast-schema-graph\">{\"@context\":\"https:\/\/schema.org\",\"@graph\":[{\"@type\":\"WebPage\",\"@id\":\"https:\/\/idem-international.org\/methodes-pedagogiques-et-services-connexes\/\",\"url\":\"https:\/\/idem-international.org\/methodes-pedagogiques-et-services-connexes\/\",\"name\":\"M\u00e9thodes p\u00e9dagogiques et services connexes - Idem\",\"isPartOf\":{\"@id\":\"https:\/\/idem-international.org\/#website\"},\"datePublished\":\"2024-01-26T18:32:56+00:00\",\"dateModified\":\"2024-01-28T14:06:15+00:00\",\"breadcrumb\":{\"@id\":\"https:\/\/idem-international.org\/methodes-pedagogiques-et-services-connexes\/#breadcrumb\"},\"inLanguage\":\"en-GB\",\"potentialAction\":[{\"@type\":\"ReadAction\",\"target\":[\"https:\/\/idem-international.org\/methodes-pedagogiques-et-services-connexes\/\"]}]},{\"@type\":\"BreadcrumbList\",\"@id\":\"https:\/\/idem-international.org\/methodes-pedagogiques-et-services-connexes\/#breadcrumb\",\"itemListElement\":[{\"@type\":\"ListItem\",\"position\":1,\"name\":\"Home\",\"item\":\"https:\/\/idem-international.org\/\"},{\"@type\":\"ListItem\",\"position\":2,\"name\":\"M\u00e9thodes p\u00e9dagogiques et services connexes\"}]},{\"@type\":\"WebSite\",\"@id\":\"https:\/\/idem-international.org\/#website\",\"url\":\"https:\/\/idem-international.org\/\",\"name\":\"Idem\",\"description\":\"\",\"publisher\":{\"@id\":\"https:\/\/idem-international.org\/#organization\"},\"potentialAction\":[{\"@type\":\"SearchAction\",\"target\":{\"@type\":\"EntryPoint\",\"urlTemplate\":\"https:\/\/idem-international.org\/?s={search_term_string}\"},\"query-input\":\"required name=search_term_string\"}],\"inLanguage\":\"en-GB\"},{\"@type\":\"Organization\",\"@id\":\"https:\/\/idem-international.org\/#organization\",\"name\":\"Idem\",\"url\":\"https:\/\/idem-international.org\/\",\"logo\":{\"@type\":\"ImageObject\",\"inLanguage\":\"en-GB\",\"@id\":\"https:\/\/idem-international.org\/#\/schema\/logo\/image\/\",\"url\":\"https:\/\/idem-international.org\/wp-content\/uploads\/2023\/01\/IDEM_vector_Logo2-scaled.jpg\",\"contentUrl\":\"https:\/\/idem-international.org\/wp-content\/uploads\/2023\/01\/IDEM_vector_Logo2-scaled.jpg\",\"width\":2560,\"height\":1225,\"caption\":\"Idem\"},\"image\":{\"@id\":\"https:\/\/idem-international.org\/#\/schema\/logo\/image\/\"}}]}<\/script>\n<!-- \/ Yoast SEO plugin. -->","yoast_head_json":{"title":"M\u00e9thodes p\u00e9dagogiques et services connexes - Idem","robots":{"index":"index","follow":"follow","max-snippet":"max-snippet:-1","max-image-preview":"max-image-preview:large","max-video-preview":"max-video-preview:-1"},"canonical":"https:\/\/idem-international.org\/en\/methodes-pedagogiques-et-services-connexes\/","og_locale":"en_GB","og_type":"article","og_title":"M\u00e9thodes p\u00e9dagogiques et services connexes - Idem","og_description":"Nos m\u00e9thodes p\u00e9dagogiques et services connexes Des m\u00e9thodes p\u00e9dagogiques et des services connexes pour des formations efficaces et un excellent environnement propice \u00e0 l\u2019apprentissage. Nos formations sont con\u00e7ues et mises en \u0153uvre autour de m\u00e9thodes p\u00e9dagogiques propices \u00e0 l\u2019apprentissage des adultes et des professionnels (Andragogie). Que ce soit dans les formations en pr\u00e9sentiel ou \u00e0...","og_url":"https:\/\/idem-international.org\/en\/methodes-pedagogiques-et-services-connexes\/","og_site_name":"Idem","article_modified_time":"2024-01-28T14:06:15+00:00","twitter_card":"summary_large_image","twitter_misc":{"Estimated reading time":"2 minutes"},"schema":{"@context":"https:\/\/schema.org","@graph":[{"@type":"WebPage","@id":"https:\/\/idem-international.org\/methodes-pedagogiques-et-services-connexes\/","url":"https:\/\/idem-international.org\/methodes-pedagogiques-et-services-connexes\/","name":"M\u00e9thodes p\u00e9dagogiques et services connexes - Idem","isPartOf":{"@id":"https:\/\/idem-international.org\/#website"},"datePublished":"2024-01-26T18:32:56+00:00","dateModified":"2024-01-28T14:06:15+00:00","breadcrumb":{"@id":"https:\/\/idem-international.org\/methodes-pedagogiques-et-services-connexes\/#breadcrumb"},"inLanguage":"en-GB","potentialAction":[{"@type":"ReadAction","target":["https:\/\/idem-international.org\/methodes-pedagogiques-et-services-connexes\/"]}]},{"@type":"BreadcrumbList","@id":"https:\/\/idem-international.org\/methodes-pedagogiques-et-services-connexes\/#breadcrumb","itemListElement":[{"@type":"ListItem","position":1,"name":"Home","item":"https:\/\/idem-international.org\/"},{"@type":"ListItem","position":2,"name":"M\u00e9thodes p\u00e9dagogiques et services connexes"}]},{"@type":"WebSite","@id":"https:\/\/idem-international.org\/#website","url":"https:\/\/idem-international.org\/","name":"Idem","description":"","publisher":{"@id":"https:\/\/idem-international.org\/#organization"},"potentialAction":[{"@type":"SearchAction","target":{"@type":"EntryPoint","urlTemplate":"https:\/\/idem-international.org\/?s={search_term_string}"},"query-input":"required name=search_term_string"}],"inLanguage":"en-GB"},{"@type":"Organization","@id":"https:\/\/idem-international.org\/#organization","name":"Idem","url":"https:\/\/idem-international.org\/","logo":{"@type":"ImageObject","inLanguage":"en-GB","@id":"https:\/\/idem-international.org\/#\/schema\/logo\/image\/","url":"https:\/\/idem-international.org\/wp-content\/uploads\/2023\/01\/IDEM_vector_Logo2-scaled.jpg","contentUrl":"https:\/\/idem-international.org\/wp-content\/uploads\/2023\/01\/IDEM_vector_Logo2-scaled.jpg","width":2560,"height":1225,"caption":"Idem"},"image":{"@id":"https:\/\/idem-international.org\/#\/schema\/logo\/image\/"}}]}},"_links":{"self":[{"href":"https:\/\/idem-international.org\/en\/wp-json\/wp\/v2\/pages\/89415","targetHints":{"allow":["GET"]}}],"collection":[{"href":"https:\/\/idem-international.org\/en\/wp-json\/wp\/v2\/pages"}],"about":[{"href":"https:\/\/idem-international.org\/en\/wp-json\/wp\/v2\/types\/page"}],"author":[{"embeddable":true,"href":"https:\/\/idem-international.org\/en\/wp-json\/wp\/v2\/users\/1"}],"replies":[{"embeddable":true,"href":"https:\/\/idem-international.org\/en\/wp-json\/wp\/v2\/comments?post=89415"}],"version-history":[{"count":22,"href":"https:\/\/idem-international.org\/en\/wp-json\/wp\/v2\/pages\/89415\/revisions"}],"predecessor-version":[{"id":89537,"href":"https:\/\/idem-international.org\/en\/wp-json\/wp\/v2\/pages\/89415\/revisions\/89537"}],"wp:attachment":[{"href":"https:\/\/idem-international.org\/en\/wp-json\/wp\/v2\/media?parent=89415"}],"curies":[{"name":"wp","href":"https:\/\/api.w.org\/{rel}","templated":true}]}}