{"id":89273,"date":"2024-01-24T20:28:07","date_gmt":"2024-01-24T19:28:07","guid":{"rendered":"https:\/\/idem-international.org\/?page_id=89273"},"modified":"2024-01-27T02:44:54","modified_gmt":"2024-01-27T01:44:54","slug":"mot-du-president","status":"publish","type":"page","link":"https:\/\/idem-international.org\/en\/mot-du-president\/","title":{"rendered":"Mot du pr\u00e9sident"},"content":{"rendered":"<div data-elementor-type=\"wp-page\" data-elementor-id=\"89273\" class=\"elementor elementor-89273\" data-elementor-post-type=\"page\">\n\t\t\t\t\t\t<section class=\"default no-position defaults_shape  elementor-section elementor-top-section elementor-element elementor-element-7c60da1f elementor-section-stretched elementor-section-boxed elementor-section-height-default elementor-section-height-default\" data-id=\"7c60da1f\" data-element_type=\"section\" data-settings=\"{&quot;stretch_section&quot;:&quot;section-stretched&quot;,&quot;background_background&quot;:&quot;classic&quot;}\">\n\t\t\t\t\t\t<div class=\"elementor-container elementor-column-gap-default\">\n\t\t\t\t\t<div class=\"elementor-column elementor-col-100 elementor-top-column elementor-element elementor-element-5e3133fd\" data-id=\"5e3133fd\" data-element_type=\"column\">\n\t\t\t<div class=\"elementor-widget-wrap elementor-element-populated\">\n\t\t\t\t\t\t<div class=\"elementor-element elementor-element-f339da0 elementor-widget elementor-widget-text-editor\" data-id=\"f339da0\" data-element_type=\"widget\" data-widget_type=\"text-editor.default\">\n\t\t\t\t<div class=\"elementor-widget-container\">\n\t\t\t<style>\/*! elementor - v3.23.0 - 05-08-2024 *\/\n.elementor-widget-text-editor.elementor-drop-cap-view-stacked .elementor-drop-cap{background-color:#69727d;color:#fff}.elementor-widget-text-editor.elementor-drop-cap-view-framed .elementor-drop-cap{color:#69727d;border:3px solid;background-color:transparent}.elementor-widget-text-editor:not(.elementor-drop-cap-view-default) .elementor-drop-cap{margin-top:8px}.elementor-widget-text-editor:not(.elementor-drop-cap-view-default) .elementor-drop-cap-letter{width:1em;height:1em}.elementor-widget-text-editor .elementor-drop-cap{float:left;text-align:center;line-height:1;font-size:50px}.elementor-widget-text-editor .elementor-drop-cap-letter{display:inline-block}<\/style>\t\t\t\t<p>A word from the President\u00a0<\/p>\t\t\t\t\t\t<\/div>\n\t\t\t\t<\/div>\n\t\t\t\t\t<\/div>\n\t\t<\/div>\n\t\t\t\t\t<\/div>\n\t\t<\/section>\n\t\t<div class=\"elementor-element elementor-element-4ec642a e-flex e-con-boxed e-con e-parent\" data-id=\"4ec642a\" data-element_type=\"container\" data-settings=\"{&quot;background_background&quot;:&quot;classic&quot;}\">\n\t\t\t\t\t<div class=\"e-con-inner\">\n\t\t<div class=\"elementor-element elementor-element-f453c8a e-con-full e-flex e-con e-child\" data-id=\"f453c8a\" data-element_type=\"container\">\n\t\t\t\t<div class=\"elementor-element elementor-element-5b6c6f8 elementor-widget elementor-widget-image\" data-id=\"5b6c6f8\" data-element_type=\"widget\" data-widget_type=\"image.default\">\n\t\t\t\t<div class=\"elementor-widget-container\">\n\t\t\t<style>\/*! elementor - v3.23.0 - 05-08-2024 *\/\n.elementor-widget-image{text-align:center}.elementor-widget-image a{display:inline-block}.elementor-widget-image a img[src$=\".svg\"]{width:48px}.elementor-widget-image img{vertical-align:middle;display:inline-block}<\/style>\t\t\t\t\t\t\t\t\t\t<img decoding=\"async\" width=\"150\" height=\"150\" src=\"https:\/\/idem-international.org\/wp-content\/uploads\/2024\/01\/drtccc-150x150.png\" class=\"attachment-thumbnail size-thumbnail wp-image-89480\" alt=\"\" srcset=\"https:\/\/idem-international.org\/wp-content\/uploads\/2024\/01\/drtccc-150x150.png 150w, https:\/\/idem-international.org\/wp-content\/uploads\/2024\/01\/drtccc-500x500.png 500w, https:\/\/idem-international.org\/wp-content\/uploads\/2024\/01\/drtccc-100x100.png 100w, https:\/\/idem-international.org\/wp-content\/uploads\/2024\/01\/drtccc-600x600.png 600w\" sizes=\"(max-width: 150px) 100vw, 150px\" \/>\t\t\t\t\t\t\t\t\t\t\t\t\t<\/div>\n\t\t\t\t<\/div>\n\t\t\t\t<\/div>\n\t\t<div class=\"elementor-element elementor-element-451abdf e-con-full e-flex e-con e-child\" data-id=\"451abdf\" data-element_type=\"container\">\n\t\t\t\t<div class=\"elementor-element elementor-element-a1c50ae elementor-widget elementor-widget-text-editor\" data-id=\"a1c50ae\" data-element_type=\"widget\" data-widget_type=\"text-editor.default\">\n\t\t\t\t<div class=\"elementor-widget-container\">\n\t\t\t\t\t\t\t<div dir=\"ltr\">Dear readers,<\/div><div dir=\"ltr\">Welcome to the IDEM International website. To begin my remarks, my team and I would like to wish you and your beloved ones a happy new year 2024. May this new year bring you health, peace and prosperity.<\/div>\t\t\t\t\t\t<\/div>\n\t\t\t\t<\/div>\n\t\t\t\t<\/div>\n\t\t<div class=\"elementor-element elementor-element-e03506a e-con-full e-flex e-con e-child\" data-id=\"e03506a\" data-element_type=\"container\">\n\t\t\t\t<div class=\"elementor-element elementor-element-e77a39c elementor-widget elementor-widget-text-editor\" data-id=\"e77a39c\" data-element_type=\"widget\" data-widget_type=\"text-editor.default\">\n\t\t\t\t<div class=\"elementor-widget-container\">\n\t\t\t\t\t\t\t<div dir=\"ltr\">With the beginning of the new year, we continue observing a world globally affected by several\nsituations that threaten its stability. The post-covid 2019 period, with its numerous consequences, is exacerbated by conflicts, inflation, high cost of living and the effects of climate change, to name only few of them. Those situations not only have considerable impacts on the economic development of nations and the living conditions of populations, but they also entail a serious problem of sustainable development. Nations therefore find themselves facing several challenges as far as the implementation of public policies and the improvement of the living conditions of populations are concerned.<\/div><div dir=\"ltr\">\u00a0<\/div><div dir=\"ltr\">IDEM International is born in this critical context with the aim to provide consulting services, technical assistance, technological support, and training to both the public and private sectors actors in developing countries, to help them address those numerous challenges within the limits of its expertise.<\/div><div dir=\"ltr\">\u00a0<\/div><div dir=\"ltr\">By browsing our website, you will be able to learn about the range of services and products that we\noffer. We will be grateful that you give us your feedback or comments that will allow us to refine the quality of our services and products.<\/div><div dir=\"ltr\">We reiterate once again to you our warm wishes for the new year 2024 with the hope to provide you thebest of our services or to work with you in a near future.<\/div><div dir=\"ltr\">\u00a0<\/div><div dir=\"ltr\">We are looking forward to meeting you and collaborating with you soon in one of our training courses or in one of our technical assistance assignments.<\/div><div dir=\"ltr\">\u00a0<\/div><div dir=\"ltr\">Anselme Gu\u00e9zodj\u00e8<\/div><div dir=\"ltr\">Chairman and CEO<\/div>\t\t\t\t\t\t<\/div>\n\t\t\t\t<\/div>\n\t\t\t\t<\/div>\n\t\t\t\t\t<\/div>\n\t\t\t\t<\/div>\n\t\t<div class=\"elementor-element elementor-element-6e9c4c0 e-flex e-con-boxed e-con e-parent\" data-id=\"6e9c4c0\" data-element_type=\"container\">\n\t\t\t\t\t<div class=\"e-con-inner\">\n\t\t\t\t<div class=\"elementor-element elementor-element-440e0b6 elementor-widget-divider--view-line elementor-widget elementor-widget-divider\" data-id=\"440e0b6\" data-element_type=\"widget\" data-widget_type=\"divider.default\">\n\t\t\t\t<div class=\"elementor-widget-container\">\n\t\t\t<style>\/*! elementor - v3.23.0 - 05-08-2024 *\/\n.elementor-widget-divider{--divider-border-style:none;--divider-border-width:1px;--divider-color:#0c0d0e;--divider-icon-size:20px;--divider-element-spacing:10px;--divider-pattern-height:24px;--divider-pattern-size:20px;--divider-pattern-url:none;--divider-pattern-repeat:repeat-x}.elementor-widget-divider .elementor-divider{display:flex}.elementor-widget-divider .elementor-divider__text{font-size:15px;line-height:1;max-width:95%}.elementor-widget-divider .elementor-divider__element{margin:0 var(--divider-element-spacing);flex-shrink:0}.elementor-widget-divider .elementor-icon{font-size:var(--divider-icon-size)}.elementor-widget-divider .elementor-divider-separator{display:flex;margin:0;direction:ltr}.elementor-widget-divider--view-line_icon .elementor-divider-separator,.elementor-widget-divider--view-line_text .elementor-divider-separator{align-items:center}.elementor-widget-divider--view-line_icon .elementor-divider-separator:after,.elementor-widget-divider--view-line_icon .elementor-divider-separator:before,.elementor-widget-divider--view-line_text .elementor-divider-separator:after,.elementor-widget-divider--view-line_text .elementor-divider-separator:before{display:block;content:\"\";border-block-end:0;flex-grow:1;border-block-start:var(--divider-border-width) var(--divider-border-style) var(--divider-color)}.elementor-widget-divider--element-align-left .elementor-divider .elementor-divider-separator>.elementor-divider__svg:first-of-type{flex-grow:0;flex-shrink:100}.elementor-widget-divider--element-align-left .elementor-divider-separator:before{content:none}.elementor-widget-divider--element-align-left .elementor-divider__element{margin-left:0}.elementor-widget-divider--element-align-right .elementor-divider .elementor-divider-separator>.elementor-divider__svg:last-of-type{flex-grow:0;flex-shrink:100}.elementor-widget-divider--element-align-right .elementor-divider-separator:after{content:none}.elementor-widget-divider--element-align-right .elementor-divider__element{margin-right:0}.elementor-widget-divider--element-align-start .elementor-divider .elementor-divider-separator>.elementor-divider__svg:first-of-type{flex-grow:0;flex-shrink:100}.elementor-widget-divider--element-align-start .elementor-divider-separator:before{content:none}.elementor-widget-divider--element-align-start .elementor-divider__element{margin-inline-start:0}.elementor-widget-divider--element-align-end .elementor-divider .elementor-divider-separator>.elementor-divider__svg:last-of-type{flex-grow:0;flex-shrink:100}.elementor-widget-divider--element-align-end .elementor-divider-separator:after{content:none}.elementor-widget-divider--element-align-end .elementor-divider__element{margin-inline-end:0}.elementor-widget-divider:not(.elementor-widget-divider--view-line_text):not(.elementor-widget-divider--view-line_icon) .elementor-divider-separator{border-block-start:var(--divider-border-width) var(--divider-border-style) var(--divider-color)}.elementor-widget-divider--separator-type-pattern{--divider-border-style:none}.elementor-widget-divider--separator-type-pattern.elementor-widget-divider--view-line .elementor-divider-separator,.elementor-widget-divider--separator-type-pattern:not(.elementor-widget-divider--view-line) .elementor-divider-separator:after,.elementor-widget-divider--separator-type-pattern:not(.elementor-widget-divider--view-line) .elementor-divider-separator:before,.elementor-widget-divider--separator-type-pattern:not([class*=elementor-widget-divider--view]) .elementor-divider-separator{width:100%;min-height:var(--divider-pattern-height);-webkit-mask-size:var(--divider-pattern-size) 100%;mask-size:var(--divider-pattern-size) 100%;-webkit-mask-repeat:var(--divider-pattern-repeat);mask-repeat:var(--divider-pattern-repeat);background-color:var(--divider-color);-webkit-mask-image:var(--divider-pattern-url);mask-image:var(--divider-pattern-url)}.elementor-widget-divider--no-spacing{--divider-pattern-size:auto}.elementor-widget-divider--bg-round{--divider-pattern-repeat:round}.rtl .elementor-widget-divider .elementor-divider__text{direction:rtl}.e-con-inner>.elementor-widget-divider,.e-con>.elementor-widget-divider{width:var(--container-widget-width,100%);--flex-grow:var(--container-widget-flex-grow)}<\/style>\t\t<div class=\"elementor-divider\">\n\t\t\t<span class=\"elementor-divider-separator\">\n\t\t\t\t\t\t<\/span>\n\t\t<\/div>\n\t\t\t\t<\/div>\n\t\t\t\t<\/div>\n\t\t\t\t\t<\/div>\n\t\t\t\t<\/div>\n\t\t\t\t<\/div>","protected":false},"excerpt":{"rendered":"<p>Mot du Pr\u00e9sident\u00a0 Chers lecteurs,Soyez les bienvenus sur le site de IDEM International. Pour commencer mes propos, il me plait de vous pr\u00e9senter, \u00e0 vous et \u00e0 tous ceux qui vous sont chers, mes souhaits de bonne et heureuse ann\u00e9e 2024. Que cette nouvelle ann\u00e9e vous apporte sant\u00e9, paix et prosp\u00e9rit\u00e9.La nouvelle ann\u00e9e qui commence&#8230;<\/p>","protected":false},"author":1,"featured_media":0,"parent":0,"menu_order":0,"comment_status":"closed","ping_status":"closed","template":"elementor_header_footer","meta":{"footnotes":""},"class_list":["post-89273","page","type-page","status-publish","hentry"],"yoast_head":"<!-- This site is optimized with the Yoast SEO plugin v23.1 - https:\/\/yoast.com\/wordpress\/plugins\/seo\/ -->\n<title>Mot du pr\u00e9sident - Idem<\/title>\n<meta name=\"robots\" content=\"index, follow, max-snippet:-1, max-image-preview:large, max-video-preview:-1\" \/>\n<link rel=\"canonical\" href=\"https:\/\/idem-international.org\/en\/mot-du-president\/\" \/>\n<meta property=\"og:locale\" content=\"en_GB\" \/>\n<meta property=\"og:type\" content=\"article\" \/>\n<meta property=\"og:title\" content=\"Mot du pr\u00e9sident - Idem\" \/>\n<meta property=\"og:description\" content=\"Mot du Pr\u00e9sident\u00a0 Chers lecteurs,Soyez les bienvenus sur le site de IDEM International. Pour commencer mes propos, il me plait de vous pr\u00e9senter, \u00e0 vous et \u00e0 tous ceux qui vous sont chers, mes souhaits de bonne et heureuse ann\u00e9e 2024. Que cette nouvelle ann\u00e9e vous apporte sant\u00e9, paix et prosp\u00e9rit\u00e9.La nouvelle ann\u00e9e qui commence...\" \/>\n<meta property=\"og:url\" content=\"https:\/\/idem-international.org\/en\/mot-du-president\/\" \/>\n<meta property=\"og:site_name\" content=\"Idem\" \/>\n<meta property=\"article:modified_time\" content=\"2024-01-27T01:44:54+00:00\" \/>\n<meta property=\"og:image\" content=\"https:\/\/idem-international.org\/wp-content\/uploads\/2024\/01\/drtccc-150x150.png\" \/>\n<meta name=\"twitter:card\" content=\"summary_large_image\" \/>\n<meta name=\"twitter:label1\" content=\"Estimated reading time\" \/>\n\t<meta name=\"twitter:data1\" content=\"2 minutes\" \/>\n<script type=\"application\/ld+json\" class=\"yoast-schema-graph\">{\"@context\":\"https:\/\/schema.org\",\"@graph\":[{\"@type\":\"WebPage\",\"@id\":\"https:\/\/idem-international.org\/mot-du-president\/\",\"url\":\"https:\/\/idem-international.org\/mot-du-president\/\",\"name\":\"Mot du pr\u00e9sident - Idem\",\"isPartOf\":{\"@id\":\"https:\/\/idem-international.org\/#website\"},\"primaryImageOfPage\":{\"@id\":\"https:\/\/idem-international.org\/mot-du-president\/#primaryimage\"},\"image\":{\"@id\":\"https:\/\/idem-international.org\/mot-du-president\/#primaryimage\"},\"thumbnailUrl\":\"https:\/\/idem-international.org\/wp-content\/uploads\/2024\/01\/drtccc-150x150.png\",\"datePublished\":\"2024-01-24T19:28:07+00:00\",\"dateModified\":\"2024-01-27T01:44:54+00:00\",\"breadcrumb\":{\"@id\":\"https:\/\/idem-international.org\/mot-du-president\/#breadcrumb\"},\"inLanguage\":\"en-GB\",\"potentialAction\":[{\"@type\":\"ReadAction\",\"target\":[\"https:\/\/idem-international.org\/mot-du-president\/\"]}]},{\"@type\":\"ImageObject\",\"inLanguage\":\"en-GB\",\"@id\":\"https:\/\/idem-international.org\/mot-du-president\/#primaryimage\",\"url\":\"https:\/\/idem-international.org\/wp-content\/uploads\/2024\/01\/drtccc-150x150.png\",\"contentUrl\":\"https:\/\/idem-international.org\/wp-content\/uploads\/2024\/01\/drtccc-150x150.png\"},{\"@type\":\"BreadcrumbList\",\"@id\":\"https:\/\/idem-international.org\/mot-du-president\/#breadcrumb\",\"itemListElement\":[{\"@type\":\"ListItem\",\"position\":1,\"name\":\"Home\",\"item\":\"https:\/\/idem-international.org\/\"},{\"@type\":\"ListItem\",\"position\":2,\"name\":\"Mot du pr\u00e9sident\"}]},{\"@type\":\"WebSite\",\"@id\":\"https:\/\/idem-international.org\/#website\",\"url\":\"https:\/\/idem-international.org\/\",\"name\":\"Idem\",\"description\":\"\",\"publisher\":{\"@id\":\"https:\/\/idem-international.org\/#organization\"},\"potentialAction\":[{\"@type\":\"SearchAction\",\"target\":{\"@type\":\"EntryPoint\",\"urlTemplate\":\"https:\/\/idem-international.org\/?s={search_term_string}\"},\"query-input\":\"required name=search_term_string\"}],\"inLanguage\":\"en-GB\"},{\"@type\":\"Organization\",\"@id\":\"https:\/\/idem-international.org\/#organization\",\"name\":\"Idem\",\"url\":\"https:\/\/idem-international.org\/\",\"logo\":{\"@type\":\"ImageObject\",\"inLanguage\":\"en-GB\",\"@id\":\"https:\/\/idem-international.org\/#\/schema\/logo\/image\/\",\"url\":\"https:\/\/idem-international.org\/wp-content\/uploads\/2023\/01\/IDEM_vector_Logo2-scaled.jpg\",\"contentUrl\":\"https:\/\/idem-international.org\/wp-content\/uploads\/2023\/01\/IDEM_vector_Logo2-scaled.jpg\",\"width\":2560,\"height\":1225,\"caption\":\"Idem\"},\"image\":{\"@id\":\"https:\/\/idem-international.org\/#\/schema\/logo\/image\/\"}}]}<\/script>\n<!-- \/ Yoast SEO plugin. -->","yoast_head_json":{"title":"Mot du pr\u00e9sident - Idem","robots":{"index":"index","follow":"follow","max-snippet":"max-snippet:-1","max-image-preview":"max-image-preview:large","max-video-preview":"max-video-preview:-1"},"canonical":"https:\/\/idem-international.org\/en\/mot-du-president\/","og_locale":"en_GB","og_type":"article","og_title":"Mot du pr\u00e9sident - Idem","og_description":"Mot du Pr\u00e9sident\u00a0 Chers lecteurs,Soyez les bienvenus sur le site de IDEM International. Pour commencer mes propos, il me plait de vous pr\u00e9senter, \u00e0 vous et \u00e0 tous ceux qui vous sont chers, mes souhaits de bonne et heureuse ann\u00e9e 2024. Que cette nouvelle ann\u00e9e vous apporte sant\u00e9, paix et prosp\u00e9rit\u00e9.La nouvelle ann\u00e9e qui commence...","og_url":"https:\/\/idem-international.org\/en\/mot-du-president\/","og_site_name":"Idem","article_modified_time":"2024-01-27T01:44:54+00:00","og_image":[{"url":"https:\/\/idem-international.org\/wp-content\/uploads\/2024\/01\/drtccc-150x150.png"}],"twitter_card":"summary_large_image","twitter_misc":{"Estimated reading time":"2 minutes"},"schema":{"@context":"https:\/\/schema.org","@graph":[{"@type":"WebPage","@id":"https:\/\/idem-international.org\/mot-du-president\/","url":"https:\/\/idem-international.org\/mot-du-president\/","name":"Mot du pr\u00e9sident - Idem","isPartOf":{"@id":"https:\/\/idem-international.org\/#website"},"primaryImageOfPage":{"@id":"https:\/\/idem-international.org\/mot-du-president\/#primaryimage"},"image":{"@id":"https:\/\/idem-international.org\/mot-du-president\/#primaryimage"},"thumbnailUrl":"https:\/\/idem-international.org\/wp-content\/uploads\/2024\/01\/drtccc-150x150.png","datePublished":"2024-01-24T19:28:07+00:00","dateModified":"2024-01-27T01:44:54+00:00","breadcrumb":{"@id":"https:\/\/idem-international.org\/mot-du-president\/#breadcrumb"},"inLanguage":"en-GB","potentialAction":[{"@type":"ReadAction","target":["https:\/\/idem-international.org\/mot-du-president\/"]}]},{"@type":"ImageObject","inLanguage":"en-GB","@id":"https:\/\/idem-international.org\/mot-du-president\/#primaryimage","url":"https:\/\/idem-international.org\/wp-content\/uploads\/2024\/01\/drtccc-150x150.png","contentUrl":"https:\/\/idem-international.org\/wp-content\/uploads\/2024\/01\/drtccc-150x150.png"},{"@type":"BreadcrumbList","@id":"https:\/\/idem-international.org\/mot-du-president\/#breadcrumb","itemListElement":[{"@type":"ListItem","position":1,"name":"Home","item":"https:\/\/idem-international.org\/"},{"@type":"ListItem","position":2,"name":"Mot du pr\u00e9sident"}]},{"@type":"WebSite","@id":"https:\/\/idem-international.org\/#website","url":"https:\/\/idem-international.org\/","name":"Idem","description":"","publisher":{"@id":"https:\/\/idem-international.org\/#organization"},"potentialAction":[{"@type":"SearchAction","target":{"@type":"EntryPoint","urlTemplate":"https:\/\/idem-international.org\/?s={search_term_string}"},"query-input":"required name=search_term_string"}],"inLanguage":"en-GB"},{"@type":"Organization","@id":"https:\/\/idem-international.org\/#organization","name":"Idem","url":"https:\/\/idem-international.org\/","logo":{"@type":"ImageObject","inLanguage":"en-GB","@id":"https:\/\/idem-international.org\/#\/schema\/logo\/image\/","url":"https:\/\/idem-international.org\/wp-content\/uploads\/2023\/01\/IDEM_vector_Logo2-scaled.jpg","contentUrl":"https:\/\/idem-international.org\/wp-content\/uploads\/2023\/01\/IDEM_vector_Logo2-scaled.jpg","width":2560,"height":1225,"caption":"Idem"},"image":{"@id":"https:\/\/idem-international.org\/#\/schema\/logo\/image\/"}}]}},"_links":{"self":[{"href":"https:\/\/idem-international.org\/en\/wp-json\/wp\/v2\/pages\/89273","targetHints":{"allow":["GET"]}}],"collection":[{"href":"https:\/\/idem-international.org\/en\/wp-json\/wp\/v2\/pages"}],"about":[{"href":"https:\/\/idem-international.org\/en\/wp-json\/wp\/v2\/types\/page"}],"author":[{"embeddable":true,"href":"https:\/\/idem-international.org\/en\/wp-json\/wp\/v2\/users\/1"}],"replies":[{"embeddable":true,"href":"https:\/\/idem-international.org\/en\/wp-json\/wp\/v2\/comments?post=89273"}],"version-history":[{"count":31,"href":"https:\/\/idem-international.org\/en\/wp-json\/wp\/v2\/pages\/89273\/revisions"}],"predecessor-version":[{"id":89498,"href":"https:\/\/idem-international.org\/en\/wp-json\/wp\/v2\/pages\/89273\/revisions\/89498"}],"wp:attachment":[{"href":"https:\/\/idem-international.org\/en\/wp-json\/wp\/v2\/media?parent=89273"}],"curies":[{"name":"wp","href":"https:\/\/api.w.org\/{rel}","templated":true}]}}