{"id":88854,"date":"2023-12-30T16:39:19","date_gmt":"2023-12-30T15:39:19","guid":{"rendered":"https:\/\/idem-international.org\/?page_id=88854"},"modified":"2024-01-28T15:02:30","modified_gmt":"2024-01-28T14:02:30","slug":"inscription-pour-nos-formations","status":"publish","type":"page","link":"https:\/\/idem-international.org\/en\/inscription-pour-nos-formations\/","title":{"rendered":"Inscription pour nos formations"},"content":{"rendered":"<div data-elementor-type=\"wp-page\" data-elementor-id=\"88854\" class=\"elementor elementor-88854\" data-elementor-post-type=\"page\">\n\t\t\t\t<div class=\"elementor-element elementor-element-8d13d8b e-flex e-con-boxed e-con e-parent\" data-id=\"8d13d8b\" data-element_type=\"container\">\n\t\t\t\t\t<div class=\"e-con-inner\">\n\t\t\t\t<div class=\"elementor-element elementor-element-3870a11 elementor-widget elementor-widget-heading\" data-id=\"3870a11\" data-element_type=\"widget\" data-widget_type=\"heading.default\">\n\t\t\t\t<div class=\"elementor-widget-container\">\n\t\t\t<style>\/*! elementor - v3.23.0 - 05-08-2024 *\/\n.elementor-heading-title{padding:0;margin:0;line-height:1}.elementor-widget-heading .elementor-heading-title[class*=elementor-size-]>a{color:inherit;font-size:inherit;line-height:inherit}.elementor-widget-heading .elementor-heading-title.elementor-size-small{font-size:15px}.elementor-widget-heading .elementor-heading-title.elementor-size-medium{font-size:19px}.elementor-widget-heading .elementor-heading-title.elementor-size-large{font-size:29px}.elementor-widget-heading .elementor-heading-title.elementor-size-xl{font-size:39px}.elementor-widget-heading .elementor-heading-title.elementor-size-xxl{font-size:59px}<\/style><h2 class=\"elementor-heading-title elementor-size-default\">Register<\/h2>\t\t<\/div>\n\t\t\t\t<\/div>\n\t\t\t\t\t<\/div>\n\t\t\t\t<\/div>\n\t\t<div class=\"elementor-element elementor-element-b8a95b9 e-flex e-con-boxed e-con e-parent\" data-id=\"b8a95b9\" data-element_type=\"container\">\n\t\t\t\t\t<div class=\"e-con-inner\">\n\t\t\t\t<div class=\"elementor-element elementor-element-6481ffd elementor-widget-divider--view-line elementor-widget elementor-widget-divider\" data-id=\"6481ffd\" data-element_type=\"widget\" data-widget_type=\"divider.default\">\n\t\t\t\t<div class=\"elementor-widget-container\">\n\t\t\t<style>\/*! elementor - v3.23.0 - 05-08-2024 *\/\n.elementor-widget-divider{--divider-border-style:none;--divider-border-width:1px;--divider-color:#0c0d0e;--divider-icon-size:20px;--divider-element-spacing:10px;--divider-pattern-height:24px;--divider-pattern-size:20px;--divider-pattern-url:none;--divider-pattern-repeat:repeat-x}.elementor-widget-divider .elementor-divider{display:flex}.elementor-widget-divider .elementor-divider__text{font-size:15px;line-height:1;max-width:95%}.elementor-widget-divider .elementor-divider__element{margin:0 var(--divider-element-spacing);flex-shrink:0}.elementor-widget-divider .elementor-icon{font-size:var(--divider-icon-size)}.elementor-widget-divider .elementor-divider-separator{display:flex;margin:0;direction:ltr}.elementor-widget-divider--view-line_icon .elementor-divider-separator,.elementor-widget-divider--view-line_text .elementor-divider-separator{align-items:center}.elementor-widget-divider--view-line_icon .elementor-divider-separator:after,.elementor-widget-divider--view-line_icon .elementor-divider-separator:before,.elementor-widget-divider--view-line_text .elementor-divider-separator:after,.elementor-widget-divider--view-line_text .elementor-divider-separator:before{display:block;content:\"\";border-block-end:0;flex-grow:1;border-block-start:var(--divider-border-width) var(--divider-border-style) var(--divider-color)}.elementor-widget-divider--element-align-left .elementor-divider .elementor-divider-separator>.elementor-divider__svg:first-of-type{flex-grow:0;flex-shrink:100}.elementor-widget-divider--element-align-left .elementor-divider-separator:before{content:none}.elementor-widget-divider--element-align-left .elementor-divider__element{margin-left:0}.elementor-widget-divider--element-align-right .elementor-divider .elementor-divider-separator>.elementor-divider__svg:last-of-type{flex-grow:0;flex-shrink:100}.elementor-widget-divider--element-align-right .elementor-divider-separator:after{content:none}.elementor-widget-divider--element-align-right .elementor-divider__element{margin-right:0}.elementor-widget-divider--element-align-start .elementor-divider .elementor-divider-separator>.elementor-divider__svg:first-of-type{flex-grow:0;flex-shrink:100}.elementor-widget-divider--element-align-start .elementor-divider-separator:before{content:none}.elementor-widget-divider--element-align-start .elementor-divider__element{margin-inline-start:0}.elementor-widget-divider--element-align-end .elementor-divider .elementor-divider-separator>.elementor-divider__svg:last-of-type{flex-grow:0;flex-shrink:100}.elementor-widget-divider--element-align-end .elementor-divider-separator:after{content:none}.elementor-widget-divider--element-align-end .elementor-divider__element{margin-inline-end:0}.elementor-widget-divider:not(.elementor-widget-divider--view-line_text):not(.elementor-widget-divider--view-line_icon) .elementor-divider-separator{border-block-start:var(--divider-border-width) var(--divider-border-style) var(--divider-color)}.elementor-widget-divider--separator-type-pattern{--divider-border-style:none}.elementor-widget-divider--separator-type-pattern.elementor-widget-divider--view-line .elementor-divider-separator,.elementor-widget-divider--separator-type-pattern:not(.elementor-widget-divider--view-line) .elementor-divider-separator:after,.elementor-widget-divider--separator-type-pattern:not(.elementor-widget-divider--view-line) .elementor-divider-separator:before,.elementor-widget-divider--separator-type-pattern:not([class*=elementor-widget-divider--view]) .elementor-divider-separator{width:100%;min-height:var(--divider-pattern-height);-webkit-mask-size:var(--divider-pattern-size) 100%;mask-size:var(--divider-pattern-size) 100%;-webkit-mask-repeat:var(--divider-pattern-repeat);mask-repeat:var(--divider-pattern-repeat);background-color:var(--divider-color);-webkit-mask-image:var(--divider-pattern-url);mask-image:var(--divider-pattern-url)}.elementor-widget-divider--no-spacing{--divider-pattern-size:auto}.elementor-widget-divider--bg-round{--divider-pattern-repeat:round}.rtl .elementor-widget-divider .elementor-divider__text{direction:rtl}.e-con-inner>.elementor-widget-divider,.e-con>.elementor-widget-divider{width:var(--container-widget-width,100%);--flex-grow:var(--container-widget-flex-grow)}<\/style>\t\t<div class=\"elementor-divider\">\n\t\t\t<span class=\"elementor-divider-separator\">\n\t\t\t\t\t\t<\/span>\n\t\t<\/div>\n\t\t\t\t<\/div>\n\t\t\t\t<\/div>\n\t\t\t\t\t<\/div>\n\t\t\t\t<\/div>\n\t\t<div class=\"elementor-element elementor-element-b00b1a9 e-flex e-con-boxed e-con e-parent\" data-id=\"b00b1a9\" data-element_type=\"container\">\n\t\t\t\t\t<div class=\"e-con-inner\">\n\t\t\t\t<div class=\"elementor-element elementor-element-77a687f elementor-widget elementor-widget-text-editor\" data-id=\"77a687f\" data-element_type=\"widget\" data-widget_type=\"text-editor.default\">\n\t\t\t\t<div class=\"elementor-widget-container\">\n\t\t\t<style>\/*! elementor - v3.23.0 - 05-08-2024 *\/\n.elementor-widget-text-editor.elementor-drop-cap-view-stacked .elementor-drop-cap{background-color:#69727d;color:#fff}.elementor-widget-text-editor.elementor-drop-cap-view-framed .elementor-drop-cap{color:#69727d;border:3px solid;background-color:transparent}.elementor-widget-text-editor:not(.elementor-drop-cap-view-default) .elementor-drop-cap{margin-top:8px}.elementor-widget-text-editor:not(.elementor-drop-cap-view-default) .elementor-drop-cap-letter{width:1em;height:1em}.elementor-widget-text-editor .elementor-drop-cap{float:left;text-align:center;line-height:1;font-size:50px}.elementor-widget-text-editor .elementor-drop-cap-letter{display:inline-block}<\/style>\t\t\t\t<p>*\u00a0 Tous les modules du programme principal sont en pr\u00e9sentiel. Mais ils peuvent \u00eatre \u00e9galement donn\u00e9s \u00e0 distance selon la demande.<\/p><p>** Des rabais sont applicables si un participant choisit deux modules ou plus<\/p><p>*** Contactez-nous pour les modalit\u00e9s de paiement. Nos agents se feront le plaisir de vous en donner les<br \/>d\u00e9tails.<\/p>\t\t\t\t\t\t<\/div>\n\t\t\t\t<\/div>\n\t\t\t\t\t<\/div>\n\t\t\t\t<\/div>\n\t\t<div class=\"elementor-element elementor-element-b29eb50 e-flex e-con-boxed e-con e-parent\" data-id=\"b29eb50\" data-element_type=\"container\">\n\t\t\t\t\t<div class=\"e-con-inner\">\n\t\t\t\t<div class=\"elementor-element elementor-element-2fb5139 fluent-form-widget-step-header-yes fluent-form-widget-step-progressbar-yes fluentform-widget-submit-button-custom elementor-widget elementor-widget-fluent-form-widget\" data-id=\"2fb5139\" data-element_type=\"widget\" data-widget_type=\"fluent-form-widget.default\">\n\t\t\t\t<div class=\"elementor-widget-container\">\n\t\t\t\n            <div class=\"fluentform-widget-wrapper fluentform-widget-align-default\">\n\n            \n            <div class='fluentform ff-default fluentform_wrapper_3 ffs_default_wrap'><form data-form_id=\"3\" id=\"fluentform_3\" class=\"frm-fluent-form fluent_form_3 ff-el-form-top ff_form_instance_3_1 ff-form-loading ffs_default\" data-form_instance=\"ff_form_instance_3_1\" method=\"POST\" action=\"\" ><fieldset  style=\"border: none!important;margin: 0!important;padding: 0!important;background-color: transparent!important;box-shadow: none!important;outline: none!important; min-inline-size: 100%;\">\n                    <legend class=\"ff_screen_reader_title\" style=\"display: block; margin: 0!important;padding: 0!important;height: 0!important;text-indent: -999999px;width: 0!important;overflow:hidden;\">Event Registration Form (#3)<\/legend><input type='hidden' name='__fluent_form_embded_post_id' value='88854' \/><input type=\"hidden\" id=\"_fluentform_3_fluentformnonce\" name=\"_fluentform_3_fluentformnonce\" value=\"1dac446dce\" \/><input type=\"hidden\" name=\"_wp_http_referer\" value=\"\/en\/wp-json\/wp\/v2\/pages\/88854\" \/><div data-type=\"name-element\" data-name=\"names\" class=\"ff-field_container ff-name-field-wrapper\" ><div class='ff-t-container'><div class='ff-t-cell'><div class='ff-el-group'><div class=\"ff-el-input--label ff-el-is-required asterisk-right\"><label for='ff_3_names_first_name_' aria-label=\"Last name:\">Last name:<\/label><\/div><div class='ff-el-input--content'><input type=\"text\" name=\"names[first_name]\" id=\"ff_3_names_first_name_\" class=\"ff-el-form-control\" aria-invalid=\"false\" aria-required=\"true\"><\/div><\/div><\/div><div class='ff-t-cell'><div class='ff-el-group'><div class=\"ff-el-input--label asterisk-right\"><label for='ff_3_names_last_name_' aria-label=\"First name:\">First name:<\/label><\/div><div class='ff-el-input--content'><input type=\"text\" name=\"names[last_name]\" id=\"ff_3_names_last_name_\" class=\"ff-el-form-control\" aria-invalid=\"false\" aria-required=\"false\"><\/div><\/div><\/div><\/div><\/div><div class='ff-el-group'><div class=\"ff-el-input--label ff-el-is-required asterisk-right\"><label for='ff_3_email' aria-label=\"Email:\">Email:<\/label><\/div><div class='ff-el-input--content'><input type=\"email\" name=\"email\" id=\"ff_3_email\" class=\"ff-el-form-control\" data-name=\"email\"  aria-invalid=\"false\" aria-required=\"true\"><\/div><\/div><div class='ff-el-group'><div class=\"ff-el-input--label ff-el-is-required asterisk-right\"><label for='ff_3_phone' aria-label=\"T\u00e9l\u00e9phone\">T\u00e9l\u00e9phone<\/label><\/div><div class='ff-el-input--content'><input type=\"number\" name=\"phone\" id=\"ff_3_phone\" class=\"ff-el-form-control\" data-name=\"phone\" inputmode=\"numeric\" step=\"any\"  aria-invalid=\"false\" aria-required=\"true\"><\/div><\/div><div class='ff-el-group'><div class=\"ff-el-input--label ff-el-is-required asterisk-right\"><label for='ff_3_company' aria-label=\"Entreprise :  Publique \/ Priv\u00e9e \/ Particulier\">Entreprise :  Publique \/ Priv\u00e9e \/ Particulier<\/label><\/div><div class='ff-el-input--content'><input type=\"text\" name=\"company\" class=\"ff-el-form-control\" placeholder=\"A pr\u00e9ciser\" data-name=\"company\" id=\"ff_3_company\"  aria-invalid=\"false\" aria-required=\"true\"><\/div><\/div><div class='ff-el-group'><div class=\"ff-el-input--label asterisk-right\"><label for='ff_3_url' aria-label=\"Site web\">Site web<\/label><\/div><div class='ff-el-input--content'><input type=\"url\" name=\"url\" id=\"ff_3_url\" class=\"ff-el-form-control\" placeholder=\"Si disponible\" data-name=\"url\"  aria-invalid=\"false\" aria-required=\"false\"><\/div><\/div><div class='ff-el-group'><div class=\"ff-el-input--label ff-el-is-required asterisk-right\"><label for='ff_3_dropdown' aria-label=\"Module\">Module<\/label><\/div><div class='ff-el-input--content'><select name=\"dropdown\" id=\"ff_3_dropdown\" class=\"ff-el-form-control\" data-name=\"dropdown\" data-calc_value=\"0\"  aria-invalid=\"false\" aria-required=\"true\"><option value=\"\">- Select -<\/option><option value=\"Gestion ax\u00e9e sur les r\u00e9sultats (GAR)..)\"  >Gestion ax\u00e9e sur les r\u00e9sultats (GAR)..)<\/option><option value=\"Budg\u00e9tisation ax\u00e9e sur les r\u00e9sultats\"  >Results-based budgeting<\/option><option value=\"Gestion des projets et programmes\"  >Gestion des projets et programmes<\/option><option value=\"Suivi et \u00e9valuation de projets et programmes\"  >Suivi et \u00e9valuation de projets et programmes<\/option><option value=\"Passation des march\u00e9s publics\"  >Passation des march\u00e9s publics<\/option><option value=\"Leadership, communication et gestion du changement\"  >Leadership, communication and change management.<\/option><option value=\"R\u00e9forme et gestion des finances publiques\"  >R\u00e9forme et gestion des finances publiques<\/option><option value=\"Partenariats Public-Priv\u00e9 (PPP)\"  >Partenariats Public-Priv\u00e9 (PPP)<\/option><option value=\"Contr\u00f4le et audit de la performance dans la gestion publique\"  >Contr\u00f4le et audit de la performance dans la gestion publique<\/option><option value=\"Promotion et d\u00e9veloppement des entreprises priv\u00e9es\"  >Promotion et d\u00e9veloppement des entreprises priv\u00e9es<\/option><option value=\"Les fonctions RH et gestion des \u00e9quipes dans les organisations publiques et priv\u00e9es\"  >Les fonctions RH et gestion des \u00e9quipes dans les organisations publiques et priv\u00e9es<\/option><option value=\"Gestion des risques et de la qualit\u00e9 dans les organisations publiques et priv\u00e9es\"  >Gestion des risques et de la qualit\u00e9 dans les organisations publiques et priv\u00e9es<\/option><\/select><\/div><\/div><div class='ff-el-group'><div class=\"ff-el-input--label ff-el-is-required asterisk-right\"><label for='ff_3_message' aria-label=\"Pr\u00e9ciser le ou les modules selon chaque th\u00e8me de formation choisi\">Pr\u00e9ciser le ou les modules selon chaque th\u00e8me de formation choisi<\/label><\/div><div class='ff-el-input--content'><textarea aria-invalid=\"false\" aria-required=\"true\" name=\"message\" id=\"ff_3_message\" class=\"ff-el-form-control\" rows=\"4\" cols=\"2\" data-name=\"message\" ><\/textarea><\/div><\/div><div class='ff-el-group ff-text-left ff_submit_btn_wrapper'><button type=\"submit\" class=\"ff-btn ff-btn-submit ff-btn-md ff_btn_style\" >Soumettre<\/button><\/div><\/fieldset><input type=\"hidden\" name=\"trp-form-language\" value=\"en\"\/><\/form><div id='fluentform_3_errors' class='ff-errors-in-stack ff_form_instance_3_1 ff-form-loading_errors ff_form_instance_3_1_errors'><\/div><\/div>        <script type=\"text\/javascript\">\n            window.fluent_form_ff_form_instance_3_1 = {\"id\":\"3\",\"settings\":{\"layout\":{\"labelPlacement\":\"top\",\"helpMessagePlacement\":\"with_label\",\"errorMessagePlacement\":\"inline\",\"cssClassName\":\"\",\"asteriskPlacement\":\"asterisk-right\"},\"restrictions\":{\"denyEmptySubmission\":{\"enabled\":false}}},\"form_instance\":\"ff_form_instance_3_1\",\"form_id_selector\":\"fluentform_3\",\"rules\":{\"names[first_name]\":{\"required\":{\"value\":true,\"message\":\"This field is required\",\"global\":true,\"global_message\":\"Ce champ est obligatoire\"}},\"names[middle_name]\":{\"required\":{\"value\":false,\"message\":\"This field is required\",\"global\":true,\"global_message\":\"Ce champ est obligatoire\"}},\"names[last_name]\":{\"required\":{\"value\":false,\"message\":\"This field is required\",\"global\":true,\"global_message\":\"Ce champ est obligatoire\"}},\"email\":{\"required\":{\"value\":true,\"message\":\"Email field is required\",\"global\":false,\"global_message\":\"Ce champ est obligatoire\"},\"email\":{\"value\":true,\"message\":\"This field must contain a valid email\",\"global\":true,\"global_message\":\"Ce champ doit contenir un e-mail valide\"}},\"phone\":{\"required\":{\"value\":true,\"message\":\"Phone field is required\",\"global\":false,\"global_message\":\"Ce champ est obligatoire\"},\"numeric\":{\"value\":true,\"message\":\"This field must contain numeric value\",\"global\":true,\"global_message\":\"Ce champ doit contenir une valeur num\\u00e9rique\"},\"min\":{\"value\":\"\",\"message\":\"Validation fails for minimum value\",\"global\":true,\"global_message\":\"\\u00c9chec de la validation pour la valeur minimale\"},\"max\":{\"value\":\"\",\"message\":\"Validation fails for maximum value\",\"global\":true,\"global_message\":\"\\u00c9chec de la validation pour la valeur maximale\"}},\"company\":{\"required\":{\"value\":true,\"message\":\"Company field is required\",\"global\":false,\"global_message\":\"Ce champ est obligatoire\"}},\"url\":{\"required\":{\"value\":false,\"message\":\"This field is required\",\"global\":true,\"global_message\":\"Ce champ est obligatoire\"},\"url\":{\"value\":true,\"message\":\"This field must contain a valid url\",\"global\":true,\"global_message\":\"Ce champ doit contenir une URL valide\"}},\"dropdown\":{\"required\":{\"value\":true,\"message\":\"This field is required\",\"global_message\":\"Ce champ est obligatoire\",\"global\":true}},\"message\":{\"required\":{\"value\":true,\"message\":\"This field is required\",\"global\":true,\"global_message\":\"Ce champ est obligatoire\"}}}};\n                    <\/script>\n                    <\/div>\n\n            \t\t<\/div>\n\t\t\t\t<\/div>\n\t\t\t\t\t<\/div>\n\t\t\t\t<\/div>\n\t\t\t\t<\/div>","protected":false},"excerpt":{"rendered":"<p>Inscription *\u00a0 Tous les modules du programme principal sont en pr\u00e9sentiel. Mais ils peuvent \u00eatre \u00e9galement donn\u00e9s \u00e0 distance selon la demande. ** Des rabais sont applicables si un participant choisit deux modules ou plus *** Contactez-nous pour les modalit\u00e9s de paiement. Nos agents se feront le plaisir de vous en donner lesd\u00e9tails. Event Registration&#8230;<\/p>","protected":false},"author":1,"featured_media":0,"parent":0,"menu_order":0,"comment_status":"closed","ping_status":"closed","template":"","meta":{"footnotes":""},"class_list":["post-88854","page","type-page","status-publish","hentry"],"yoast_head":"<!-- This site is optimized with the Yoast SEO plugin v23.1 - https:\/\/yoast.com\/wordpress\/plugins\/seo\/ -->\n<title>Inscription pour nos formations - Idem<\/title>\n<meta name=\"robots\" content=\"index, follow, max-snippet:-1, max-image-preview:large, max-video-preview:-1\" \/>\n<link rel=\"canonical\" href=\"https:\/\/idem-international.org\/en\/inscription-pour-nos-formations\/\" \/>\n<meta property=\"og:locale\" content=\"en_GB\" \/>\n<meta property=\"og:type\" content=\"article\" \/>\n<meta property=\"og:title\" content=\"Inscription pour nos formations - Idem\" \/>\n<meta property=\"og:description\" content=\"Inscription *\u00a0 Tous les modules du programme principal sont en pr\u00e9sentiel. Mais ils peuvent \u00eatre \u00e9galement donn\u00e9s \u00e0 distance selon la demande. ** Des rabais sont applicables si un participant choisit deux modules ou plus *** Contactez-nous pour les modalit\u00e9s de paiement. Nos agents se feront le plaisir de vous en donner lesd\u00e9tails. Event Registration...\" \/>\n<meta property=\"og:url\" content=\"https:\/\/idem-international.org\/en\/inscription-pour-nos-formations\/\" \/>\n<meta property=\"og:site_name\" content=\"Idem\" \/>\n<meta property=\"article:modified_time\" content=\"2024-01-28T14:02:30+00:00\" \/>\n<meta name=\"twitter:card\" content=\"summary_large_image\" \/>\n<meta name=\"twitter:label1\" content=\"Estimated reading time\" \/>\n\t<meta name=\"twitter:data1\" content=\"1 minute\" \/>\n<script type=\"application\/ld+json\" class=\"yoast-schema-graph\">{\"@context\":\"https:\/\/schema.org\",\"@graph\":[{\"@type\":\"WebPage\",\"@id\":\"https:\/\/idem-international.org\/inscription-pour-nos-formations\/\",\"url\":\"https:\/\/idem-international.org\/inscription-pour-nos-formations\/\",\"name\":\"Inscription pour nos formations - Idem\",\"isPartOf\":{\"@id\":\"https:\/\/idem-international.org\/#website\"},\"datePublished\":\"2023-12-30T15:39:19+00:00\",\"dateModified\":\"2024-01-28T14:02:30+00:00\",\"breadcrumb\":{\"@id\":\"https:\/\/idem-international.org\/inscription-pour-nos-formations\/#breadcrumb\"},\"inLanguage\":\"en-GB\",\"potentialAction\":[{\"@type\":\"ReadAction\",\"target\":[\"https:\/\/idem-international.org\/inscription-pour-nos-formations\/\"]}]},{\"@type\":\"BreadcrumbList\",\"@id\":\"https:\/\/idem-international.org\/inscription-pour-nos-formations\/#breadcrumb\",\"itemListElement\":[{\"@type\":\"ListItem\",\"position\":1,\"name\":\"Home\",\"item\":\"https:\/\/idem-international.org\/\"},{\"@type\":\"ListItem\",\"position\":2,\"name\":\"Inscription pour nos formations\"}]},{\"@type\":\"WebSite\",\"@id\":\"https:\/\/idem-international.org\/#website\",\"url\":\"https:\/\/idem-international.org\/\",\"name\":\"Idem\",\"description\":\"\",\"publisher\":{\"@id\":\"https:\/\/idem-international.org\/#organization\"},\"potentialAction\":[{\"@type\":\"SearchAction\",\"target\":{\"@type\":\"EntryPoint\",\"urlTemplate\":\"https:\/\/idem-international.org\/?s={search_term_string}\"},\"query-input\":\"required name=search_term_string\"}],\"inLanguage\":\"en-GB\"},{\"@type\":\"Organization\",\"@id\":\"https:\/\/idem-international.org\/#organization\",\"name\":\"Idem\",\"url\":\"https:\/\/idem-international.org\/\",\"logo\":{\"@type\":\"ImageObject\",\"inLanguage\":\"en-GB\",\"@id\":\"https:\/\/idem-international.org\/#\/schema\/logo\/image\/\",\"url\":\"https:\/\/idem-international.org\/wp-content\/uploads\/2023\/01\/IDEM_vector_Logo2-scaled.jpg\",\"contentUrl\":\"https:\/\/idem-international.org\/wp-content\/uploads\/2023\/01\/IDEM_vector_Logo2-scaled.jpg\",\"width\":2560,\"height\":1225,\"caption\":\"Idem\"},\"image\":{\"@id\":\"https:\/\/idem-international.org\/#\/schema\/logo\/image\/\"}}]}<\/script>\n<!-- \/ Yoast SEO plugin. -->","yoast_head_json":{"title":"Inscription pour nos formations - Idem","robots":{"index":"index","follow":"follow","max-snippet":"max-snippet:-1","max-image-preview":"max-image-preview:large","max-video-preview":"max-video-preview:-1"},"canonical":"https:\/\/idem-international.org\/en\/inscription-pour-nos-formations\/","og_locale":"en_GB","og_type":"article","og_title":"Inscription pour nos formations - Idem","og_description":"Inscription *\u00a0 Tous les modules du programme principal sont en pr\u00e9sentiel. Mais ils peuvent \u00eatre \u00e9galement donn\u00e9s \u00e0 distance selon la demande. ** Des rabais sont applicables si un participant choisit deux modules ou plus *** Contactez-nous pour les modalit\u00e9s de paiement. Nos agents se feront le plaisir de vous en donner lesd\u00e9tails. Event Registration...","og_url":"https:\/\/idem-international.org\/en\/inscription-pour-nos-formations\/","og_site_name":"Idem","article_modified_time":"2024-01-28T14:02:30+00:00","twitter_card":"summary_large_image","twitter_misc":{"Estimated reading time":"1 minute"},"schema":{"@context":"https:\/\/schema.org","@graph":[{"@type":"WebPage","@id":"https:\/\/idem-international.org\/inscription-pour-nos-formations\/","url":"https:\/\/idem-international.org\/inscription-pour-nos-formations\/","name":"Inscription pour nos formations - Idem","isPartOf":{"@id":"https:\/\/idem-international.org\/#website"},"datePublished":"2023-12-30T15:39:19+00:00","dateModified":"2024-01-28T14:02:30+00:00","breadcrumb":{"@id":"https:\/\/idem-international.org\/inscription-pour-nos-formations\/#breadcrumb"},"inLanguage":"en-GB","potentialAction":[{"@type":"ReadAction","target":["https:\/\/idem-international.org\/inscription-pour-nos-formations\/"]}]},{"@type":"BreadcrumbList","@id":"https:\/\/idem-international.org\/inscription-pour-nos-formations\/#breadcrumb","itemListElement":[{"@type":"ListItem","position":1,"name":"Home","item":"https:\/\/idem-international.org\/"},{"@type":"ListItem","position":2,"name":"Inscription pour nos formations"}]},{"@type":"WebSite","@id":"https:\/\/idem-international.org\/#website","url":"https:\/\/idem-international.org\/","name":"Idem","description":"","publisher":{"@id":"https:\/\/idem-international.org\/#organization"},"potentialAction":[{"@type":"SearchAction","target":{"@type":"EntryPoint","urlTemplate":"https:\/\/idem-international.org\/?s={search_term_string}"},"query-input":"required name=search_term_string"}],"inLanguage":"en-GB"},{"@type":"Organization","@id":"https:\/\/idem-international.org\/#organization","name":"Idem","url":"https:\/\/idem-international.org\/","logo":{"@type":"ImageObject","inLanguage":"en-GB","@id":"https:\/\/idem-international.org\/#\/schema\/logo\/image\/","url":"https:\/\/idem-international.org\/wp-content\/uploads\/2023\/01\/IDEM_vector_Logo2-scaled.jpg","contentUrl":"https:\/\/idem-international.org\/wp-content\/uploads\/2023\/01\/IDEM_vector_Logo2-scaled.jpg","width":2560,"height":1225,"caption":"Idem"},"image":{"@id":"https:\/\/idem-international.org\/#\/schema\/logo\/image\/"}}]}},"_links":{"self":[{"href":"https:\/\/idem-international.org\/en\/wp-json\/wp\/v2\/pages\/88854","targetHints":{"allow":["GET"]}}],"collection":[{"href":"https:\/\/idem-international.org\/en\/wp-json\/wp\/v2\/pages"}],"about":[{"href":"https:\/\/idem-international.org\/en\/wp-json\/wp\/v2\/types\/page"}],"author":[{"embeddable":true,"href":"https:\/\/idem-international.org\/en\/wp-json\/wp\/v2\/users\/1"}],"replies":[{"embeddable":true,"href":"https:\/\/idem-international.org\/en\/wp-json\/wp\/v2\/comments?post=88854"}],"version-history":[{"count":10,"href":"https:\/\/idem-international.org\/en\/wp-json\/wp\/v2\/pages\/88854\/revisions"}],"predecessor-version":[{"id":89534,"href":"https:\/\/idem-international.org\/en\/wp-json\/wp\/v2\/pages\/88854\/revisions\/89534"}],"wp:attachment":[{"href":"https:\/\/idem-international.org\/en\/wp-json\/wp\/v2\/media?parent=88854"}],"curies":[{"name":"wp","href":"https:\/\/api.w.org\/{rel}","templated":true}]}}