{"id":61293,"date":"2023-01-12T11:15:40","date_gmt":"2023-01-12T11:15:40","guid":{"rendered":"http:\/\/192.168.0.130:10005\/?page_id=61293"},"modified":"2023-09-26T20:02:01","modified_gmt":"2023-09-26T18:02:01","slug":"expertises","status":"publish","type":"page","link":"https:\/\/idem-international.org\/en\/expertises\/","title":{"rendered":"Expertise"},"content":{"rendered":"<div data-elementor-type=\"wp-page\" data-elementor-id=\"61293\" class=\"elementor elementor-61293\" data-elementor-post-type=\"page\">\n\t\t\t\t\t\t<section class=\"default no-position defaults_shape  elementor-section elementor-top-section elementor-element elementor-element-8937881 elementor-section-boxed elementor-section-height-default elementor-section-height-default\" data-id=\"8937881\" data-element_type=\"section\" data-settings=\"{&quot;background_background&quot;:&quot;classic&quot;}\">\n\t\t\t\t\t\t\t<div class=\"elementor-background-overlay\"><\/div>\n\t\t\t\t\t\t\t<div class=\"elementor-container elementor-column-gap-default\">\n\t\t\t\t\t<div class=\"elementor-column elementor-col-100 elementor-top-column elementor-element elementor-element-cc18c9d\" data-id=\"cc18c9d\" data-element_type=\"column\">\n\t\t\t<div class=\"elementor-widget-wrap elementor-element-populated\">\n\t\t\t\t\t\t<div class=\"elementor-element elementor-element-ab33e3d elementor-widget elementor-widget-rs-heading\" data-id=\"ab33e3d\" data-element_type=\"widget\" data-widget_type=\"rs-heading.default\">\n\t\t\t\t<div class=\"elementor-widget-container\">\n\t\t\t\n        <div class=\"prelements-heading default animate- left normal_color  subnormal_color dots_no\">\n        \t<div class=\"title-inner\">      \t\t\n\t            <h2 class=\"title\"><span class=\"watermark\"><\/span>Nos expertises<\/h2>\t\t\t\t\n\t\t\t\t\t        <\/div>\n\t                <\/div>\n        \t\t<\/div>\n\t\t\t\t<\/div>\n\t\t\t\t\t<\/div>\n\t\t<\/div>\n\t\t\t\t\t<\/div>\n\t\t<\/section>\n\t\t\t\t<section class=\"default no-position defaults_shape  elementor-section elementor-top-section elementor-element elementor-element-b66c817 elementor-section-boxed elementor-section-height-default elementor-section-height-default\" data-id=\"b66c817\" data-element_type=\"section\">\n\t\t\t\t\t\t<div class=\"elementor-container elementor-column-gap-default\">\n\t\t\t\t\t<div class=\"elementor-column elementor-col-50 elementor-top-column elementor-element elementor-element-32af639\" data-id=\"32af639\" data-element_type=\"column\">\n\t\t\t<div class=\"elementor-widget-wrap elementor-element-populated\">\n\t\t\t\t\t\t<div class=\"elementor-element elementor-element-86b477f elementor-widget elementor-widget-rs-heading\" data-id=\"86b477f\" data-element_type=\"widget\" data-widget_type=\"rs-heading.default\">\n\t\t\t\t<div class=\"elementor-widget-container\">\n\t\t\t\n        <div class=\"prelements-heading default animate-  normal_color  subnormal_color dots_no\">\n        \t<div class=\"title-inner\">      \t\t\n\t            <h2 class=\"title\"><span class=\"watermark\"><\/span>\"\u00c9clairez votre chemin vers le succ\u00e8s avec notre Expertise In\u00e9gal\u00e9e !\"<\/h2>\t\t\t\t\n\t\t\t\t\t        <\/div>\n\t                    \t<div class=\"description\">\n            \t\t            \t\t<p>Votre succ\u00e8s, notre expertise ! D\u00e9couvrez comment notre cabinet de consulting et d'expertise peut transformer vos d\u00e9fis en opportunit\u00e9s et vos projets en r\u00e9ussites. Faites \u00e9quipe avec les meilleurs pour atteindre l'excellence.<\/p>  \n            \t<\/div>\n        \t        <\/div>\n        \t\t<\/div>\n\t\t\t\t<\/div>\n\t\t\t\t<div class=\"elementor-element elementor-element-9b28841 elementor-widget elementor-widget-rs-heading\" data-id=\"9b28841\" data-element_type=\"widget\" data-widget_type=\"rs-heading.default\">\n\t\t\t\t<div class=\"elementor-widget-container\">\n\t\t\t\n        <div class=\"prelements-heading default animate-  normal_color  subnormal_color dots_no\">\n        \t<div class=\"title-inner\">      \t\t\n\t            \t\t\t\t\n\t\t\t\t\t        <\/div>\n\t                    \t<div class=\"description\">\n            \t\t            \t\t<p>Notre service d'expertise au sein du cabinet de consulting est le pilier sur lequel repose notre engagement envers nos clients. Forts d'une \u00e9quipe d'experts chevronn\u00e9s dans divers domaines, nous offrons une compr\u00e9hension approfondie, une analyse pr\u00e9cise et des recommandations strat\u00e9giques pour r\u00e9soudre les d\u00e9fis les plus complexes. Que ce soit dans le domaine de la strat\u00e9gie d'entreprise, de la technologie, de la gestion de projet ou d'autres secteurs cl\u00e9s, notre expertise est votre avantage comp\u00e9titif. Nous sommes d\u00e9termin\u00e9s \u00e0 vous fournir des solutions sur mesure et \u00e0 vous aider \u00e0 exceller dans votre domaine. Votre succ\u00e8s est notre expertise.<\/p>  \n            \t<\/div>\n        \t        <\/div>\n        \t\t<\/div>\n\t\t\t\t<\/div>\n\t\t\t\t<div class=\"elementor-element elementor-element-5802815 elementor-widget elementor-widget-rs-image\" data-id=\"5802815\" data-element_type=\"widget\" data-widget_type=\"rs-image.default\">\n\t\t\t\t<div class=\"elementor-widget-container\">\n\t\t\t\n        <div class=\"rs-image no\">\n                                                <img decoding=\"async\" class=\"rs-multi-image  reverse- blend_unset\" src=\"https:\/\/rstheme.com\/products\/wordpress\/bcom\/wp-content\/uploads\/2023\/01\/services-details.jpg\" alt=\"image\"\/>\n                                                                        <\/div>   \n          \n    \t\t<\/div>\n\t\t\t\t<\/div>\n\t\t\t\t\t<\/div>\n\t\t<\/div>\n\t\t\t\t<div class=\"elementor-column elementor-col-50 elementor-top-column elementor-element elementor-element-26ffd49\" data-id=\"26ffd49\" data-element_type=\"column\">\n\t\t\t<div class=\"elementor-widget-wrap elementor-element-populated\">\n\t\t\t\t\t\t<section class=\"default no-position defaults_shape  elementor-section elementor-inner-section elementor-element elementor-element-82d6695 elementor-section-boxed elementor-section-height-default elementor-section-height-default\" data-id=\"82d6695\" data-element_type=\"section\" data-settings=\"{&quot;background_background&quot;:&quot;classic&quot;}\">\n\t\t\t\t\t\t<div class=\"elementor-container elementor-column-gap-default\">\n\t\t\t\t\t<div class=\"elementor-column elementor-col-100 elementor-inner-column elementor-element elementor-element-37f52c6\" data-id=\"37f52c6\" data-element_type=\"column\">\n\t\t\t<div class=\"elementor-widget-wrap elementor-element-populated\">\n\t\t\t\t\t\t<div class=\"elementor-element elementor-element-bcd5420 elementor-widget elementor-widget-rs-heading\" data-id=\"bcd5420\" data-element_type=\"widget\" data-widget_type=\"rs-heading.default\">\n\t\t\t\t<div class=\"elementor-widget-container\">\n\t\t\t\n        <div class=\"prelements-heading style6 animate-default left normal_color  subnormal_color dots_no\">\n        \t<div class=\"title-inner\">      \t\t\n\t            <span class=\"sub-text\"> <\/span><h5 class=\"title\"><span class=\"watermark\"><\/span>Nos domaines d'expertises<\/h5>\t\t\t\t\n\t\t\t\t\t        <\/div>\n\t                <\/div>\n        \t\t<\/div>\n\t\t\t\t<\/div>\n\t\t\t\t<div class=\"elementor-element elementor-element-3c4bc79 elementor-widget elementor-widget-rsfeatureslist\" data-id=\"3c4bc79\" data-element_type=\"widget\" data-widget_type=\"rsfeatureslist.default\">\n\t\t\t\t<div class=\"elementor-widget-container\">\n\t\t\t \n\n        <div class=\"rs-features-list-content top-image\">\n\n\n            \n            <div class=\"feature-content\">\n                                 \n                \n                                    <ul class=\"rs-features-list\">\n                                                    <li class=\"elementor-repeater-item-1fb8d38\">\n\n                                \n                                                                    <img decoding=\"async\" src=\"\" alt=\"\">\n                                \n                                <span class=\"rs-feature-text\"><a href=\"#\">Appui au secteur public national Services<\/a><\/span>\n                                \n                              \n        \n                            <\/li>\n                                                    <li class=\"elementor-repeater-item-989a728\">\n\n                                \n                                                                    <img decoding=\"async\" src=\"\" alt=\"\">\n                                \n                                <span class=\"rs-feature-text\"><a href=\"#\">Appui au secteur public sous-national Services<\/a><\/span>\n                                \n                              \n        \n                            <\/li>\n                                                    <li class=\"elementor-repeater-item-eb79173\">\n\n                                \n                                                                    <img decoding=\"async\" src=\"\" alt=\"\">\n                                \n                                <span class=\"rs-feature-text\"><a href=\"#\">Appui au secteur priv\u00e9 Analytic<\/a><\/span>\n                                \n                              \n        \n                            <\/li>\n                                            <\/ul>\n                            <\/div>  \n\n        <\/div>\n        \t\t<\/div>\n\t\t\t\t<\/div>\n\t\t\t\t\t<\/div>\n\t\t<\/div>\n\t\t\t\t\t<\/div>\n\t\t<\/section>\n\t\t\t\t<section class=\"default no-position defaults_shape  elementor-section elementor-inner-section elementor-element elementor-element-a4a1a71 elementor-section-boxed elementor-section-height-default elementor-section-height-default\" data-id=\"a4a1a71\" data-element_type=\"section\" data-settings=\"{&quot;background_background&quot;:&quot;classic&quot;}\">\n\t\t\t\t\t\t<div class=\"elementor-container elementor-column-gap-default\">\n\t\t\t\t\t<div class=\"elementor-column elementor-col-100 elementor-inner-column elementor-element elementor-element-df073c9\" data-id=\"df073c9\" data-element_type=\"column\">\n\t\t\t<div class=\"elementor-widget-wrap elementor-element-populated\">\n\t\t\t\t\t\t<div class=\"elementor-element elementor-element-eef10e0 elementor-widget elementor-widget-rs-image\" data-id=\"eef10e0\" data-element_type=\"widget\" data-widget_type=\"rs-image.default\">\n\t\t\t\t<div class=\"elementor-widget-container\">\n\t\t\t\n        <div class=\"rs-image no\">\n                                                <img decoding=\"async\" class=\"rs-multi-image  reverse- blend_unset\" src=\"https:\/\/rstheme.com\/products\/wordpress\/bcom\/wp-content\/uploads\/2023\/01\/download-app.png\" alt=\"image\"\/>\n                                                                        <\/div>   \n          \n    \t\t<\/div>\n\t\t\t\t<\/div>\n\t\t\t\t<div class=\"elementor-element elementor-element-b888800 elementor-widget elementor-widget-rs-heading\" data-id=\"b888800\" data-element_type=\"widget\" data-widget_type=\"rs-heading.default\">\n\t\t\t\t<div class=\"elementor-widget-container\">\n\t\t\t\n        <div class=\"prelements-heading default animate- center normal_color  subnormal_color dots_no\">\n        \t<div class=\"title-inner\">      \t\t\n\t            <h4 class=\"title\"><span class=\"watermark\"><\/span>T\u00e9l\u00e9chargez notre rapport annuel<\/h4>\t\t\t\t\n\t\t\t\t\t        <\/div>\n\t                <\/div>\n        \t\t<\/div>\n\t\t\t\t<\/div>\n\t\t\t\t\t<\/div>\n\t\t<\/div>\n\t\t\t\t\t<\/div>\n\t\t<\/section>\n\t\t\t\t<section class=\"default no-position defaults_shape  elementor-section elementor-inner-section elementor-element elementor-element-ab5addb elementor-section-boxed elementor-section-height-default elementor-section-height-default\" data-id=\"ab5addb\" data-element_type=\"section\" data-settings=\"{&quot;background_background&quot;:&quot;classic&quot;}\">\n\t\t\t\t\t\t<div class=\"elementor-container elementor-column-gap-default\">\n\t\t\t\t\t<div class=\"elementor-column elementor-col-100 elementor-inner-column elementor-element elementor-element-819b4e5\" data-id=\"819b4e5\" data-element_type=\"column\">\n\t\t\t<div class=\"elementor-widget-wrap elementor-element-populated\">\n\t\t\t\t\t\t<div class=\"elementor-element elementor-element-c81adf5 elementor-widget elementor-widget-rs-heading\" data-id=\"c81adf5\" data-element_type=\"widget\" data-widget_type=\"rs-heading.default\">\n\t\t\t\t<div class=\"elementor-widget-container\">\n\t\t\t\n        <div class=\"prelements-heading default animate- left normal_color  subnormal_color dots_no\">\n        \t<div class=\"title-inner\">      \t\t\n\t            <h3 class=\"title\"><span class=\"watermark\"><\/span>Parler<br> Avec nous<\/h3>\t\t\t\t\n\t\t\t\t\t        <\/div>\n\t                    \t<div class=\"description\">\n            \t\t            \t\t<p>Appelez \u00e0 tout moment en cas d'urgence<\/p>  \n            \t<\/div>\n        \t        <\/div>\n        \t\t<\/div>\n\t\t\t\t<\/div>\n\t\t\t\t\t<\/div>\n\t\t<\/div>\n\t\t\t\t\t<\/div>\n\t\t<\/section>\n\t\t\t\t\t<\/div>\n\t\t<\/div>\n\t\t\t\t\t<\/div>\n\t\t<\/section>\n\t\t\t\t<\/div>","protected":false},"excerpt":{"rendered":"<p>Nos expertises \u00ab\u00a0\u00c9clairez votre chemin vers le succ\u00e8s avec notre Expertise In\u00e9gal\u00e9e !\u00a0\u00bb Votre succ\u00e8s, notre expertise ! D\u00e9couvrez comment notre cabinet de consulting et d&rsquo;expertise peut transformer vos d\u00e9fis en opportunit\u00e9s et vos projets en r\u00e9ussites. Faites \u00e9quipe avec les meilleurs pour atteindre l&rsquo;excellence. Notre service d&rsquo;expertise au sein du cabinet de consulting est&#8230;<\/p>","protected":false},"author":1,"featured_media":0,"parent":0,"menu_order":0,"comment_status":"closed","ping_status":"closed","template":"elementor_header_footer","meta":{"footnotes":""},"class_list":["post-61293","page","type-page","status-publish","hentry"],"yoast_head":"<!-- This site is optimized with the Yoast SEO plugin v23.1 - https:\/\/yoast.com\/wordpress\/plugins\/seo\/ -->\n<title>Expertises - Idem<\/title>\n<meta name=\"robots\" content=\"index, follow, max-snippet:-1, max-image-preview:large, max-video-preview:-1\" \/>\n<link rel=\"canonical\" href=\"https:\/\/idem-international.org\/en\/expertises\/\" \/>\n<meta property=\"og:locale\" content=\"en_GB\" \/>\n<meta property=\"og:type\" content=\"article\" \/>\n<meta property=\"og:title\" content=\"Expertises - Idem\" \/>\n<meta property=\"og:description\" content=\"Nos expertises \u00ab\u00a0\u00c9clairez votre chemin vers le succ\u00e8s avec notre Expertise In\u00e9gal\u00e9e !\u00a0\u00bb Votre succ\u00e8s, notre expertise ! D\u00e9couvrez comment notre cabinet de consulting et d&rsquo;expertise peut transformer vos d\u00e9fis en opportunit\u00e9s et vos projets en r\u00e9ussites. Faites \u00e9quipe avec les meilleurs pour atteindre l&rsquo;excellence. Notre service d&rsquo;expertise au sein du cabinet de consulting est...\" \/>\n<meta property=\"og:url\" content=\"https:\/\/idem-international.org\/en\/expertises\/\" \/>\n<meta property=\"og:site_name\" content=\"Idem\" \/>\n<meta property=\"article:modified_time\" content=\"2023-09-26T18:02:01+00:00\" \/>\n<meta property=\"og:image\" content=\"https:\/\/rstheme.com\/products\/wordpress\/bcom\/wp-content\/uploads\/2023\/01\/services-details.jpg\" \/>\n<meta name=\"twitter:card\" content=\"summary_large_image\" \/>\n<meta name=\"twitter:label1\" content=\"Estimated reading time\" \/>\n\t<meta name=\"twitter:data1\" content=\"1 minute\" \/>\n<script type=\"application\/ld+json\" class=\"yoast-schema-graph\">{\"@context\":\"https:\/\/schema.org\",\"@graph\":[{\"@type\":\"WebPage\",\"@id\":\"https:\/\/idem-international.org\/expertises\/\",\"url\":\"https:\/\/idem-international.org\/expertises\/\",\"name\":\"Expertises - Idem\",\"isPartOf\":{\"@id\":\"https:\/\/idem-international.org\/#website\"},\"primaryImageOfPage\":{\"@id\":\"https:\/\/idem-international.org\/expertises\/#primaryimage\"},\"image\":{\"@id\":\"https:\/\/idem-international.org\/expertises\/#primaryimage\"},\"thumbnailUrl\":\"https:\/\/rstheme.com\/products\/wordpress\/bcom\/wp-content\/uploads\/2023\/01\/services-details.jpg\",\"datePublished\":\"2023-01-12T11:15:40+00:00\",\"dateModified\":\"2023-09-26T18:02:01+00:00\",\"breadcrumb\":{\"@id\":\"https:\/\/idem-international.org\/expertises\/#breadcrumb\"},\"inLanguage\":\"en-GB\",\"potentialAction\":[{\"@type\":\"ReadAction\",\"target\":[\"https:\/\/idem-international.org\/expertises\/\"]}]},{\"@type\":\"ImageObject\",\"inLanguage\":\"en-GB\",\"@id\":\"https:\/\/idem-international.org\/expertises\/#primaryimage\",\"url\":\"https:\/\/rstheme.com\/products\/wordpress\/bcom\/wp-content\/uploads\/2023\/01\/services-details.jpg\",\"contentUrl\":\"https:\/\/rstheme.com\/products\/wordpress\/bcom\/wp-content\/uploads\/2023\/01\/services-details.jpg\"},{\"@type\":\"BreadcrumbList\",\"@id\":\"https:\/\/idem-international.org\/expertises\/#breadcrumb\",\"itemListElement\":[{\"@type\":\"ListItem\",\"position\":1,\"name\":\"Home\",\"item\":\"https:\/\/idem-international.org\/\"},{\"@type\":\"ListItem\",\"position\":2,\"name\":\"Expertises\"}]},{\"@type\":\"WebSite\",\"@id\":\"https:\/\/idem-international.org\/#website\",\"url\":\"https:\/\/idem-international.org\/\",\"name\":\"Idem\",\"description\":\"\",\"publisher\":{\"@id\":\"https:\/\/idem-international.org\/#organization\"},\"potentialAction\":[{\"@type\":\"SearchAction\",\"target\":{\"@type\":\"EntryPoint\",\"urlTemplate\":\"https:\/\/idem-international.org\/?s={search_term_string}\"},\"query-input\":\"required name=search_term_string\"}],\"inLanguage\":\"en-GB\"},{\"@type\":\"Organization\",\"@id\":\"https:\/\/idem-international.org\/#organization\",\"name\":\"Idem\",\"url\":\"https:\/\/idem-international.org\/\",\"logo\":{\"@type\":\"ImageObject\",\"inLanguage\":\"en-GB\",\"@id\":\"https:\/\/idem-international.org\/#\/schema\/logo\/image\/\",\"url\":\"https:\/\/idem-international.org\/wp-content\/uploads\/2023\/01\/IDEM_vector_Logo2-scaled.jpg\",\"contentUrl\":\"https:\/\/idem-international.org\/wp-content\/uploads\/2023\/01\/IDEM_vector_Logo2-scaled.jpg\",\"width\":2560,\"height\":1225,\"caption\":\"Idem\"},\"image\":{\"@id\":\"https:\/\/idem-international.org\/#\/schema\/logo\/image\/\"}}]}<\/script>\n<!-- \/ Yoast SEO plugin. -->","yoast_head_json":{"title":"Expertises - Idem","robots":{"index":"index","follow":"follow","max-snippet":"max-snippet:-1","max-image-preview":"max-image-preview:large","max-video-preview":"max-video-preview:-1"},"canonical":"https:\/\/idem-international.org\/en\/expertises\/","og_locale":"en_GB","og_type":"article","og_title":"Expertises - Idem","og_description":"Nos expertises \u00ab\u00a0\u00c9clairez votre chemin vers le succ\u00e8s avec notre Expertise In\u00e9gal\u00e9e !\u00a0\u00bb Votre succ\u00e8s, notre expertise ! D\u00e9couvrez comment notre cabinet de consulting et d&rsquo;expertise peut transformer vos d\u00e9fis en opportunit\u00e9s et vos projets en r\u00e9ussites. Faites \u00e9quipe avec les meilleurs pour atteindre l&rsquo;excellence. Notre service d&rsquo;expertise au sein du cabinet de consulting est...","og_url":"https:\/\/idem-international.org\/en\/expertises\/","og_site_name":"Idem","article_modified_time":"2023-09-26T18:02:01+00:00","og_image":[{"url":"https:\/\/rstheme.com\/products\/wordpress\/bcom\/wp-content\/uploads\/2023\/01\/services-details.jpg"}],"twitter_card":"summary_large_image","twitter_misc":{"Estimated reading time":"1 minute"},"schema":{"@context":"https:\/\/schema.org","@graph":[{"@type":"WebPage","@id":"https:\/\/idem-international.org\/expertises\/","url":"https:\/\/idem-international.org\/expertises\/","name":"Expertises - Idem","isPartOf":{"@id":"https:\/\/idem-international.org\/#website"},"primaryImageOfPage":{"@id":"https:\/\/idem-international.org\/expertises\/#primaryimage"},"image":{"@id":"https:\/\/idem-international.org\/expertises\/#primaryimage"},"thumbnailUrl":"https:\/\/rstheme.com\/products\/wordpress\/bcom\/wp-content\/uploads\/2023\/01\/services-details.jpg","datePublished":"2023-01-12T11:15:40+00:00","dateModified":"2023-09-26T18:02:01+00:00","breadcrumb":{"@id":"https:\/\/idem-international.org\/expertises\/#breadcrumb"},"inLanguage":"en-GB","potentialAction":[{"@type":"ReadAction","target":["https:\/\/idem-international.org\/expertises\/"]}]},{"@type":"ImageObject","inLanguage":"en-GB","@id":"https:\/\/idem-international.org\/expertises\/#primaryimage","url":"https:\/\/rstheme.com\/products\/wordpress\/bcom\/wp-content\/uploads\/2023\/01\/services-details.jpg","contentUrl":"https:\/\/rstheme.com\/products\/wordpress\/bcom\/wp-content\/uploads\/2023\/01\/services-details.jpg"},{"@type":"BreadcrumbList","@id":"https:\/\/idem-international.org\/expertises\/#breadcrumb","itemListElement":[{"@type":"ListItem","position":1,"name":"Home","item":"https:\/\/idem-international.org\/"},{"@type":"ListItem","position":2,"name":"Expertises"}]},{"@type":"WebSite","@id":"https:\/\/idem-international.org\/#website","url":"https:\/\/idem-international.org\/","name":"Idem","description":"","publisher":{"@id":"https:\/\/idem-international.org\/#organization"},"potentialAction":[{"@type":"SearchAction","target":{"@type":"EntryPoint","urlTemplate":"https:\/\/idem-international.org\/?s={search_term_string}"},"query-input":"required name=search_term_string"}],"inLanguage":"en-GB"},{"@type":"Organization","@id":"https:\/\/idem-international.org\/#organization","name":"Idem","url":"https:\/\/idem-international.org\/","logo":{"@type":"ImageObject","inLanguage":"en-GB","@id":"https:\/\/idem-international.org\/#\/schema\/logo\/image\/","url":"https:\/\/idem-international.org\/wp-content\/uploads\/2023\/01\/IDEM_vector_Logo2-scaled.jpg","contentUrl":"https:\/\/idem-international.org\/wp-content\/uploads\/2023\/01\/IDEM_vector_Logo2-scaled.jpg","width":2560,"height":1225,"caption":"Idem"},"image":{"@id":"https:\/\/idem-international.org\/#\/schema\/logo\/image\/"}}]}},"_links":{"self":[{"href":"https:\/\/idem-international.org\/en\/wp-json\/wp\/v2\/pages\/61293","targetHints":{"allow":["GET"]}}],"collection":[{"href":"https:\/\/idem-international.org\/en\/wp-json\/wp\/v2\/pages"}],"about":[{"href":"https:\/\/idem-international.org\/en\/wp-json\/wp\/v2\/types\/page"}],"author":[{"embeddable":true,"href":"https:\/\/idem-international.org\/en\/wp-json\/wp\/v2\/users\/1"}],"replies":[{"embeddable":true,"href":"https:\/\/idem-international.org\/en\/wp-json\/wp\/v2\/comments?post=61293"}],"version-history":[{"count":5,"href":"https:\/\/idem-international.org\/en\/wp-json\/wp\/v2\/pages\/61293\/revisions"}],"predecessor-version":[{"id":87597,"href":"https:\/\/idem-international.org\/en\/wp-json\/wp\/v2\/pages\/61293\/revisions\/87597"}],"wp:attachment":[{"href":"https:\/\/idem-international.org\/en\/wp-json\/wp\/v2\/media?parent=61293"}],"curies":[{"name":"wp","href":"https:\/\/api.w.org\/{rel}","templated":true}]}}